{"id":10703,"date":"2025-08-21T12:09:52","date_gmt":"2025-08-21T15:09:52","guid":{"rendered":"https:\/\/www.teno.cl\/portal2\/?page_id=10703"},"modified":"2025-08-21T12:10:56","modified_gmt":"2025-08-21T15:10:56","slug":"registro-organizacion-juvenil","status":"publish","type":"page","link":"https:\/\/www.teno.cl\/portal2\/municipalidad-de-teno\/direccion-desarrollo-comunitario\/organizaciones-comunitarias\/registro-organizacion-juvenil\/","title":{"rendered":"Registro Organizaci\u00f3n Juvenil"},"content":{"rendered":"\t\t<div data-elementor-type=\"wp-page\" data-elementor-id=\"10703\" class=\"elementor elementor-10703\" data-elementor-post-type=\"page\">\n\t\t\t\t\t\t<section class=\"elementor-section elementor-top-section elementor-element elementor-element-16ee2e4 elementor-section-full_width elementor-section-height-default elementor-section-height-default\" data-id=\"16ee2e4\" data-element_type=\"section\" data-e-type=\"section\" data-settings=\"{&quot;background_background&quot;:&quot;classic&quot;}\">\n\t\t\t\t\t\t<div class=\"elementor-container elementor-column-gap-no\">\n\t\t\t\t\t<div class=\"elementor-column elementor-col-100 elementor-top-column elementor-element elementor-element-ff22ed4\" data-id=\"ff22ed4\" data-element_type=\"column\" data-e-type=\"column\">\n\t\t\t<div class=\"elementor-widget-wrap elementor-element-populated\">\n\t\t\t\t\t\t<div class=\"elementor-element elementor-element-db5b7c5 elementor-widget elementor-widget-maxmegamenu\" data-id=\"db5b7c5\" data-element_type=\"widget\" data-e-type=\"widget\" data-widget_type=\"maxmegamenu.default\">\n\t\t\t\t<div class=\"elementor-widget-container\">\n\t\t\t\t\t<div id=\"mega-menu-wrap-primary\" class=\"mega-menu-wrap\"><div class=\"mega-menu-toggle\"><div class=\"mega-toggle-blocks-left\"><\/div><div class=\"mega-toggle-blocks-center\"><div class='mega-toggle-block mega-menu-toggle-animated-block mega-toggle-block-1' id='mega-toggle-block-1'><button aria-controls=\"mega-menu-primary\" aria-expanded=\"false\" aria-haspopup=\"true\" aria-label=\"Toggle Menu\" class=\"mega-toggle-animated mega-toggle-animated-slider\" type=\"button\">\n                  <span class=\"mega-toggle-animated-box\">\n                    <span class=\"mega-toggle-animated-inner\"><\/span>\n                  <\/span>\n                <\/button><\/div><\/div><div class=\"mega-toggle-blocks-right\"><\/div><\/div><ul id=\"mega-menu-primary\" class=\"mega-menu max-mega-menu mega-menu-horizontal mega-no-js\" data-event=\"hover_intent\" data-effect=\"fade_up\" data-effect-speed=\"200\" data-effect-mobile=\"slide_right\" data-effect-speed-mobile=\"200\" data-mobile-force-width=\"body\" data-second-click=\"go\" data-document-click=\"collapse\" data-vertical-behaviour=\"standard\" data-breakpoint=\"768\" data-unbind=\"true\" data-mobile-state=\"collapse_all\" data-mobile-direction=\"vertical\" data-overlay-desktop=\"false\" data-overlay-mobile=\"false\"><li class=\"mega-menu-item mega-menu-item-type-custom mega-menu-item-object-custom mega-menu-item-home mega-align-bottom-left mega-menu-flyout mega-menu-item-48\" id=\"mega-menu-item-48\"><a class=\"mega-menu-link\" href=\"http:\/\/www.teno.cl\/portal2\">Inicio<\/a><\/li><li class=\"mega-menu-item mega-menu-item-type-custom mega-menu-item-object-custom mega-menu-item-has-children mega-align-bottom-left mega-menu-flyout mega-menu-item-49\" id=\"mega-menu-item-49\"><a class=\"mega-menu-link\" href=\"#\" aria-expanded=\"false\" aria-controls=\"mega-sub-menu-49\">Municipalidad<span class=\"mega-indicator\" aria-hidden=\"true\"><\/span><\/a>\n<ul class=\"mega-sub-menu\" id='mega-sub-menu-49'>\n<li class=\"mega-menu-item mega-menu-item-type-custom mega-menu-item-object-custom mega-menu-item-6468\" id=\"mega-menu-item-6468\"><a class=\"mega-menu-link\" href=\"https:\/\/www.teno.cl\/portal2\/nuestra-comuna\/\">Nuestra Comuna<\/a><\/li><li class=\"mega-menu-item mega-menu-item-type-custom mega-menu-item-object-custom mega-menu-item-1700\" id=\"mega-menu-item-1700\"><a class=\"mega-menu-link\" href=\"https:\/\/www.teno.cl\/portal2\/alcalde\/\">Alcalde<\/a><\/li><li class=\"mega-menu-item mega-menu-item-type-custom mega-menu-item-object-custom mega-menu-item-1701\" id=\"mega-menu-item-1701\"><a class=\"mega-menu-link\" href=\"https:\/\/www.teno.cl\/portal2\/concejo-municipal\/\">Concejales<\/a><\/li><li class=\"mega-menu-item mega-menu-item-type-custom mega-menu-item-object-custom mega-menu-item-1702\" id=\"mega-menu-item-1702\"><a class=\"mega-menu-link\" href=\"https:\/\/www.teno.cl\/portal2\/cosoc-2\/\">Cosoc<\/a><\/li><li class=\"mega-menu-item mega-menu-item-type-custom mega-menu-item-object-custom mega-menu-item-5871\" id=\"mega-menu-item-5871\"><a class=\"mega-menu-link\" href=\"https:\/\/www.teno.cl\/portal2\/cuentas-publicas\/\">Cuentas P\u00fablicas<\/a><\/li><li class=\"mega-menu-item mega-menu-item-type-custom mega-menu-item-object-custom mega-menu-item-5872\" id=\"mega-menu-item-5872\"><a class=\"mega-menu-link\" href=\"https:\/\/www.portaltransparencia.cl\/PortalPdT\/directorio-de-organismos-regulados\/?org=MU316&#038;pagina=58859504\">Ordenanzas<\/a><\/li><\/ul>\n<\/li><li class=\"mega-menu-item mega-menu-item-type-custom mega-menu-item-object-custom mega-menu-item-has-children mega-menu-megamenu mega-align-bottom-left mega-menu-megamenu mega-menu-item-1703\" id=\"mega-menu-item-1703\"><a class=\"mega-menu-link\" href=\"#\" aria-expanded=\"false\" aria-controls=\"mega-sub-menu-1703\">Direcciones<span class=\"mega-indicator\" aria-hidden=\"true\"><\/span><\/a>\n<ul class=\"mega-sub-menu\" id='mega-sub-menu-1703'>\n<li class=\"mega-menu-item mega-menu-item-type-custom mega-menu-item-object-custom mega-has-icon mega-icon-left mega-menu-column-standard mega-menu-columns-1-of-4 mega-menu-item-5990\" style=\"--columns:4; --span:1\" id=\"mega-menu-item-5990\"><a class=\"dashicons-arrow-right-alt2 mega-menu-link\" href=\"https:\/\/www.teno.cl\/portal2\/administracion-municipal\/\">Administraci\u00f3n Municipal<\/a><\/li><li class=\"mega-menu-item mega-menu-item-type-custom mega-menu-item-object-custom mega-has-icon mega-icon-left mega-menu-column-standard mega-menu-columns-1-of-4 mega-menu-item-6000\" style=\"--columns:4; --span:1\" id=\"mega-menu-item-6000\"><a class=\"dashicons-arrow-right-alt2 mega-menu-link\" href=\"https:\/\/www.teno.cl\/portal2\/asesoria-juridica\/\">Asesor\u00eda Jur\u00eddica<\/a><\/li><li class=\"mega-menu-item mega-menu-item-type-custom mega-menu-item-object-custom mega-has-icon mega-icon-left mega-menu-column-standard mega-menu-columns-1-of-4 mega-menu-item-5991\" style=\"--columns:4; --span:1\" id=\"mega-menu-item-5991\"><a class=\"dashicons-arrow-right-alt2 mega-menu-link\" href=\"https:\/\/www.teno.cl\/portal2\/secretaria-municipal\/\">Secretaria Municipal<\/a><\/li><li class=\"mega-menu-item mega-menu-item-type-custom mega-menu-item-object-custom mega-has-icon mega-icon-left mega-menu-column-standard mega-menu-columns-1-of-4 mega-menu-item-5993\" style=\"--columns:4; --span:1\" id=\"mega-menu-item-5993\"><a class=\"dashicons-arrow-right-alt2 mega-menu-link\" href=\"https:\/\/www.teno.cl\/portal2\/municipalidad-de-teno\/direccion-de-control\/\">Direcci\u00f3n de Control<\/a><\/li><li class=\"mega-menu-item mega-menu-item-type-custom mega-menu-item-object-custom mega-has-icon mega-icon-left mega-menu-column-standard mega-menu-columns-1-of-4 mega-menu-clear mega-menu-item-5992\" style=\"--columns:4; --span:1\" id=\"mega-menu-item-5992\"><a class=\"dashicons-arrow-right-alt2 mega-menu-link\" href=\"https:\/\/www.teno.cl\/portal2\/municipalidad-de-teno\/administracion-y-finanzas\/\">Administraci\u00f3n y Finanzas<\/a><\/li><li class=\"mega-menu-item mega-menu-item-type-custom mega-menu-item-object-custom mega-has-icon mega-icon-left mega-menu-column-standard mega-menu-columns-1-of-4 mega-menu-item-5994\" style=\"--columns:4; --span:1\" id=\"mega-menu-item-5994\"><a class=\"dashicons-arrow-right-alt2 mega-menu-link\" href=\"https:\/\/www.teno.cl\/portal2\/municipalidad-de-teno\/direccion-de-transito-y-transporte-publico\/\">Direcci\u00f3n de Tr\u00e1nsito y Transporte P\u00fablico<\/a><\/li><li class=\"mega-menu-item mega-menu-item-type-custom mega-menu-item-object-custom mega-has-icon mega-icon-left mega-menu-column-standard mega-menu-columns-1-of-4 mega-menu-item-5995\" style=\"--columns:4; --span:1\" id=\"mega-menu-item-5995\"><a class=\"dashicons-arrow-right-alt2 mega-menu-link\" href=\"https:\/\/www.teno.cl\/portal2\/municipalidad-de-teno\/direccion-de-obras-municipales\/\">Direcci\u00f3n de Obras Municipales<\/a><\/li><li class=\"mega-menu-item mega-menu-item-type-custom mega-menu-item-object-custom mega-has-icon mega-icon-left mega-menu-column-standard mega-menu-columns-1-of-4 mega-menu-item-5996\" style=\"--columns:4; --span:1\" id=\"mega-menu-item-5996\"><a class=\"dashicons-arrow-right-alt2 mega-menu-link\" href=\"https:\/\/www.teno.cl\/portal2\/municipalidad-de-teno\/direccion-desarrollo-comunitario\/\">Direcci\u00f3n de Desarrollo Comunitario<\/a><\/li><li class=\"mega-menu-item mega-menu-item-type-custom mega-menu-item-object-custom mega-has-icon mega-icon-left mega-menu-column-standard mega-menu-columns-1-of-4 mega-menu-clear mega-menu-item-5997\" style=\"--columns:4; --span:1\" id=\"mega-menu-item-5997\"><a class=\"dashicons-arrow-right-alt2 mega-menu-link\" href=\"https:\/\/www.teno.cl\/portal2\/seguridad-publica\/\">Direcci\u00f3n de Seguridad P\u00fablica<\/a><\/li><li class=\"mega-menu-item mega-menu-item-type-custom mega-menu-item-object-custom mega-has-icon mega-icon-left mega-menu-column-standard mega-menu-columns-1-of-4 mega-menu-item-5998\" style=\"--columns:4; --span:1\" id=\"mega-menu-item-5998\"><a class=\"dashicons-arrow-right-alt2 mega-menu-link\" href=\"#\">Direcci\u00f3n de Servicios Operativos<\/a><\/li><li class=\"mega-menu-item mega-menu-item-type-custom mega-menu-item-object-custom mega-has-icon mega-icon-left mega-menu-column-standard mega-menu-columns-1-of-4 mega-menu-item-5999\" style=\"--columns:4; --span:1\" id=\"mega-menu-item-5999\"><a class=\"dashicons-arrow-right-alt2 mega-menu-link\" href=\"https:\/\/www.teno.cl\/portal2\/secplac-3\/\">Secretar\u00eda Comunal de Planificaci\u00f3n<\/a><\/li><li class=\"mega-menu-item mega-menu-item-type-custom mega-menu-item-object-custom mega-has-icon mega-icon-left mega-menu-column-standard mega-menu-columns-1-of-4 mega-menu-item-6001\" style=\"--columns:4; --span:1\" id=\"mega-menu-item-6001\"><a class=\"dashicons-arrow-right-alt2 mega-menu-link\" href=\"https:\/\/www.teno.cl\/portal2\/juzgado-policia-local-copy\/\">Juzgado Polic\u00eda Local<\/a><\/li><li class=\"mega-menu-item mega-menu-item-type-custom mega-menu-item-object-custom mega-has-icon mega-icon-left mega-menu-column-standard mega-menu-columns-1-of-4 mega-menu-clear mega-menu-item-1704\" style=\"--columns:4; --span:1\" id=\"mega-menu-item-1704\"><a class=\"dashicons-arrow-right-alt2 mega-menu-link\" href=\"#\">Direcci\u00f3n de Salud<\/a><\/li><li class=\"mega-menu-item mega-menu-item-type-custom mega-menu-item-object-custom mega-has-icon mega-icon-left mega-menu-column-standard mega-menu-columns-1-of-4 mega-menu-item-1705\" style=\"--columns:4; --span:1\" id=\"mega-menu-item-1705\"><a class=\"dashicons-arrow-right-alt2 mega-menu-link\" href=\"#\">Daem<\/a><\/li><\/ul>\n<\/li><li class=\"mega-menu-item mega-menu-item-type-custom mega-menu-item-object-custom mega-menu-item-has-children mega-menu-megamenu mega-align-bottom-left mega-menu-megamenu mega-menu-item-50\" id=\"mega-menu-item-50\"><a class=\"mega-menu-link\" href=\"#\" aria-expanded=\"false\" aria-controls=\"mega-sub-menu-50\">Tr\u00e1mites<span class=\"mega-indicator\" aria-hidden=\"true\"><\/span><\/a>\n<ul class=\"mega-sub-menu\" id='mega-sub-menu-50'>\n<li class=\"mega-menu-item mega-menu-item-type-custom mega-menu-item-object-custom mega-menu-item-has-children mega-menu-column-standard mega-menu-columns-1-of-3 mega-menu-item-6531\" style=\"--columns:3; --span:1\" id=\"mega-menu-item-6531\"><a class=\"mega-menu-link\" href=\"#\">Pagos Online<span class=\"mega-indicator\" aria-hidden=\"true\"><\/span><\/a>\n\t<ul class=\"mega-sub-menu\" id='mega-sub-menu-6531'>\n<li class=\"mega-menu-item mega-menu-item-type-custom mega-menu-item-object-custom mega-has-icon mega-icon-left mega-menu-item-8581\" id=\"mega-menu-item-8581\"><a class=\"dashicons-arrow-right mega-menu-link\" href=\"https:\/\/www.teno.cl\/portal2\/municipalidad-de-teno\/administracion-y-finanzas\/derechos-de-aseo-domiciliario\/\">Derechos de Aseo<\/a><\/li><li class=\"mega-menu-item mega-menu-item-type-custom mega-menu-item-object-custom mega-has-icon mega-icon-left mega-menu-item-8532\" id=\"mega-menu-item-8532\"><a class=\"dashicons-arrow-right mega-menu-link\" href=\"https:\/\/ww9.e-com.cl\/Pagos\/PermisoCirculacion\/renovacion\/ecomv3\/vista\/?id=36&#038;plebcas=12&#038;portal=%2703\/03\/2025%27&#038;html=70&#038;opc=1\">Permisos de Circulaci\u00f3n<\/a><\/li><li class=\"mega-menu-item mega-menu-item-type-custom mega-menu-item-object-custom mega-has-icon mega-icon-left mega-menu-item-8582\" id=\"mega-menu-item-8582\"><a class=\"dashicons-arrow-right mega-menu-link\" href=\"https:\/\/ww9.e-com.cl\/Pagos\/PatentesComerciales\/Pago%20Patentes\/onlinev3\/inicio.asp?codMunic=36\">Patentes Comercialess<\/a><\/li><li class=\"mega-menu-item mega-menu-item-type-custom mega-menu-item-object-custom mega-has-icon mega-icon-left mega-menu-item-8533\" id=\"mega-menu-item-8533\"><a class=\"dashicons-arrow-right mega-menu-link\" href=\"https:\/\/ww9.e-com.cl\/Pagos\/Multas_Tag_v3\/?id=36\">Multas Tag (Peaje Quinta)<\/a><\/li><li class=\"mega-menu-item mega-menu-item-type-custom mega-menu-item-object-custom mega-has-icon mega-icon-left mega-menu-item-8580\" id=\"mega-menu-item-8580\"><a class=\"dashicons-arrow-right mega-menu-link\" href=\"https:\/\/ww9.e-com.cl\/Pagos\/JPL_v3\/partes_online\/ingresoJuzgado.asp?codmunic=36\">Multas Juzgado Polic\u00eda Local<\/a><\/li>\t<\/ul>\n<\/li><li class=\"mega-menu-item mega-menu-item-type-custom mega-menu-item-object-custom mega-menu-item-has-children mega-menu-column-standard mega-menu-columns-1-of-3 mega-menu-item-6532\" style=\"--columns:3; --span:1\" id=\"mega-menu-item-6532\"><a class=\"mega-menu-link\" href=\"#\">Servicios y Solicitudes<span class=\"mega-indicator\" aria-hidden=\"true\"><\/span><\/a>\n\t<ul class=\"mega-sub-menu\" id='mega-sub-menu-6532'>\n<li class=\"mega-menu-item mega-menu-item-type-custom mega-menu-item-object-custom mega-has-icon mega-icon-left mega-menu-item-10540\" id=\"mega-menu-item-10540\"><a class=\"dashicons-arrow-right mega-menu-link\" href=\"https:\/\/www.teno.cl\/portal2\/smartdom\/\">Expedientes y Certificados Obras (SmartDOM)<\/a><\/li><li class=\"mega-menu-item mega-menu-item-type-custom mega-menu-item-object-custom mega-has-icon mega-icon-left mega-menu-item-9081\" id=\"mega-menu-item-9081\"><a class=\"dashicons-arrow-right mega-menu-link\" href=\"https:\/\/mejoresconductores.conaset.cl\/#\/\">Ejercita Ex\u00e1men Te\u00f3rico<\/a><\/li><li class=\"mega-menu-item mega-menu-item-type-custom mega-menu-item-object-custom mega-has-icon mega-icon-left mega-menu-item-10244\" id=\"mega-menu-item-10244\"><a class=\"dashicons-arrow-right mega-menu-link\" href=\"https:\/\/forms.gle\/pew5Sz7gnLgSa3a2A\">Luminarias en mal estado<\/a><\/li><li class=\"mega-menu-item mega-menu-item-type-custom mega-menu-item-object-custom mega-has-icon mega-icon-left mega-menu-item-8583\" id=\"mega-menu-item-8583\"><a class=\"dashicons-arrow-right mega-menu-link\" href=\"https:\/\/www.teno.cl\/portal2\/municipalidad-de-teno\/reserva-hora-licencia-de-conducir\/\">Reserva Hora Licencias de Conducir<\/a><\/li><li class=\"mega-menu-item mega-menu-item-type-custom mega-menu-item-object-custom mega-has-icon mega-icon-left mega-menu-item-11111\" id=\"mega-menu-item-11111\"><a class=\"dashicons-arrow-right mega-menu-link\" href=\"https:\/\/www.teno.cl\/portal2\/formulario-secplac\/\">Solicitud de Proyectos<\/a><\/li><li class=\"mega-menu-item mega-menu-item-type-custom mega-menu-item-object-custom mega-has-icon mega-icon-left mega-menu-item-8847\" id=\"mega-menu-item-8847\"><a class=\"dashicons-arrow-right mega-menu-link\" href=\"https:\/\/www.e-com.cl\/Pagos\/PermisoCirculacion\/renovacion\/validacionpermiso.asp?codmunic=36\">Validaci\u00f3n Permiso de Circulaci\u00f3n<\/a><\/li>\t<\/ul>\n<\/li><li class=\"mega-menu-item mega-menu-item-type-custom mega-menu-item-object-custom mega-menu-item-has-children mega-menu-column-standard mega-menu-columns-1-of-3 mega-menu-item-8585\" style=\"--columns:3; --span:1\" id=\"mega-menu-item-8585\"><a class=\"mega-menu-link\" href=\"#\">Gu\u00eda de Tr\u00e1mites<span class=\"mega-indicator\" aria-hidden=\"true\"><\/span><\/a>\n\t<ul class=\"mega-sub-menu\" id='mega-sub-menu-8585'>\n<li class=\"mega-menu-item mega-menu-item-type-custom mega-menu-item-object-custom mega-has-icon mega-icon-left mega-menu-item-9446\" id=\"mega-menu-item-9446\"><a class=\"dashicons-arrow-right mega-menu-link\" href=\"https:\/\/www.teno.cl\/portal2\/tramites\/\">Categor\u00eda de Tr\u00e1mites<\/a><\/li><li class=\"mega-menu-item mega-menu-item-type-custom mega-menu-item-object-custom mega-has-icon mega-icon-left mega-menu-item-9452\" id=\"mega-menu-item-9452\"><a class=\"dashicons-arrow-right mega-menu-link\" href=\"#\">Destacados<\/a><\/li>\t<\/ul>\n<\/li><\/ul>\n<\/li><li class=\"mega-menu-item mega-menu-item-type-custom mega-menu-item-object-custom mega-align-bottom-left mega-menu-flyout mega-menu-item-1747\" id=\"mega-menu-item-1747\"><a class=\"mega-menu-link\" href=\"https:\/\/culturateno.cl\/\">Cultura<\/a><\/li><li class=\"mega-menu-item mega-menu-item-type-custom mega-menu-item-object-custom mega-align-bottom-left mega-menu-flyout mega-menu-item-1748\" id=\"mega-menu-item-1748\"><a class=\"mega-menu-link\" href=\"https:\/\/corporaciondeportesteno.cl\/\">Deporte<\/a><\/li><li class=\"mega-menu-item mega-menu-item-type-custom mega-menu-item-object-custom mega-align-bottom-left mega-menu-flyout mega-menu-item-1758\" id=\"mega-menu-item-1758\"><a class=\"mega-menu-link\" href=\"https:\/\/www.teno.cl\/portal2\/municipalidad-de-teno\/direccion-de-obras-municipales\/elementor-7747\/\">Medio Ambiente<\/a><\/li><li class=\"mega-menu-item mega-menu-item-type-custom mega-menu-item-object-custom mega-align-bottom-left mega-menu-flyout mega-menu-item-6115\" id=\"mega-menu-item-6115\"><a class=\"mega-menu-link\" href=\"https:\/\/www.teno.cl\/portal2\/contactanos\/\">Cont\u00e1ctenos<\/a><\/li><\/ul><button aria-controls=\"mega-menu-primary\" aria-label=\"Close\" class='mega-close'><\/button><\/div>\t\t\t\t<\/div>\n\t\t\t\t<\/div>\n\t\t\t\t\t<\/div>\n\t\t<\/div>\n\t\t\t\t\t<\/div>\n\t\t<\/section>\n\t\t\t\t<section class=\"elementor-section elementor-top-section elementor-element elementor-element-7d9dfc6 elementor-section-boxed elementor-section-height-default elementor-section-height-default\" data-id=\"7d9dfc6\" data-element_type=\"section\" data-e-type=\"section\" data-settings=\"{&quot;background_background&quot;:&quot;classic&quot;}\">\n\t\t\t\t\t\t<div class=\"elementor-container elementor-column-gap-default\">\n\t\t\t\t\t<div class=\"elementor-column elementor-col-50 elementor-top-column elementor-element elementor-element-3dfd57f\" data-id=\"3dfd57f\" data-element_type=\"column\" data-e-type=\"column\">\n\t\t\t<div class=\"elementor-widget-wrap elementor-element-populated\">\n\t\t\t\t\t\t<div class=\"elementor-element elementor-element-7a9f90b elementor-widget elementor-widget-heading\" data-id=\"7a9f90b\" data-element_type=\"widget\" data-e-type=\"widget\" data-widget_type=\"heading.default\">\n\t\t\t\t<div class=\"elementor-widget-container\">\n\t\t\t\t\t<h2 class=\"elementor-heading-title elementor-size-default\">Registro Organizaci\u00f3n Juvenil<\/h2>\t\t\t\t<\/div>\n\t\t\t\t<\/div>\n\t\t\t\t\t<\/div>\n\t\t<\/div>\n\t\t\t\t<div class=\"elementor-column elementor-col-50 elementor-top-column elementor-element elementor-element-391547a\" data-id=\"391547a\" data-element_type=\"column\" data-e-type=\"column\">\n\t\t\t<div class=\"elementor-widget-wrap elementor-element-populated\">\n\t\t\t\t\t\t<div class=\"elementor-element elementor-element-5110511 elementor-widget elementor-widget-image\" data-id=\"5110511\" data-element_type=\"widget\" data-e-type=\"widget\" data-widget_type=\"image.default\">\n\t\t\t\t<div class=\"elementor-widget-container\">\n\t\t\t\t\t\t\t\t\t\t\t\t\t\t\t<img decoding=\"async\" width=\"300\" height=\"119\" src=\"https:\/\/www.teno.cl\/portal2\/wp-content\/uploads\/2025\/06\/LOGO-MUNI-NEGRO-300x119.jpg\" class=\"attachment-medium size-medium wp-image-10059\" alt=\"\" srcset=\"https:\/\/www.teno.cl\/portal2\/wp-content\/uploads\/2025\/06\/LOGO-MUNI-NEGRO-300x119.jpg 300w, https:\/\/www.teno.cl\/portal2\/wp-content\/uploads\/2025\/06\/LOGO-MUNI-NEGRO-1024x406.jpg 1024w, https:\/\/www.teno.cl\/portal2\/wp-content\/uploads\/2025\/06\/LOGO-MUNI-NEGRO-768x304.jpg 768w, https:\/\/www.teno.cl\/portal2\/wp-content\/uploads\/2025\/06\/LOGO-MUNI-NEGRO-1536x609.jpg 1536w, https:\/\/www.teno.cl\/portal2\/wp-content\/uploads\/2025\/06\/LOGO-MUNI-NEGRO-2048x812.jpg 2048w\" sizes=\"(max-width: 300px) 100vw, 300px\" \/>\t\t\t\t\t\t\t\t\t\t\t\t\t\t\t<\/div>\n\t\t\t\t<\/div>\n\t\t\t\t\t<\/div>\n\t\t<\/div>\n\t\t\t\t\t<\/div>\n\t\t<\/section>\n\t\t\t\t<section class=\"elementor-section elementor-top-section elementor-element elementor-element-212fdd0 elementor-section-boxed elementor-section-height-default elementor-section-height-default\" data-id=\"212fdd0\" data-element_type=\"section\" data-e-type=\"section\" data-settings=\"{&quot;background_background&quot;:&quot;classic&quot;}\">\n\t\t\t\t\t\t<div class=\"elementor-container elementor-column-gap-default\">\n\t\t\t\t\t<div class=\"elementor-column elementor-col-100 elementor-top-column elementor-element elementor-element-0a7cbf2\" data-id=\"0a7cbf2\" data-element_type=\"column\" data-e-type=\"column\">\n\t\t\t<div class=\"elementor-widget-wrap elementor-element-populated\">\n\t\t\t\t\t\t<div class=\"elementor-element elementor-element-81df31c elementor-widget elementor-widget-eael-advanced-data-table\" data-id=\"81df31c\" data-element_type=\"widget\" data-e-type=\"widget\" data-widget_type=\"eael-advanced-data-table.default\">\n\t\t\t\t<div class=\"elementor-widget-container\">\n\t\t\t\t\t<div class=\"ea-advanced-data-table-wrap\" data-id=\"81df31c\"><div class=\"ea-advanced-data-table-search-wrap ea-advanced-data-table-search-left\"><input type=\"search\" placeholder=\"Buscar\" class=\"ea-advanced-data-table-search\"><\/div><div class=\"ea-advanced-data-table-wrap-inner\">\n                <table class=\"ea-advanced-data-table ea-advanced-data-table-ninja ea-advanced-data-table-81df31c ea-advanced-data-table-sortable ea-advanced-data-table-paginated ea-advanced-data-table-searchable\" data-id=\"81df31c\" data-items-per-page=\"5\"><thead><tr><th style=\"width:\">TIPO ORGANIZACI\u00d3N<\/th><th style=\"width:\">NOMBRE<\/th><th style=\"width:103px\">ROLO MUNICIPALIDAD<\/th><th style=\"width:123px\">FECHA CONCESI\u00d3N PERSONALIDAD JURIDICA<\/th><th style=\"width:\">NRO. DE INSCRIPCI\u00d3N REGISTRO CIVIL<\/th><th style=\"width:\">SEDE O LUGAR DE FUNCIONAMIENTO<\/th><th style=\"width:\">DIRECTIVA<\/th><th style=\"width:\">VIGENCIA DE LA DIRECTIVA<\/th><th style=\"width:\">FECHA MODIFICACI\u00d3N ESTATUTOS<\/th><\/tr><\/thead><tbody><tr><td>Organizaci\u00f3n comunitaria funcional<\/td><td>Grupo de Batucadas Admapu Batu<\/td><td><\/td><td>3\/10\/2011<\/td><td>97637<\/td><td>Diagonal Las Araucarias S\/N<\/td><td>CRISTIAN ANDRES CACERES AYALA,MOIRA CAMILA JARAMILLO BASTIDAS,NOLVIA DEL CARMEN AYALA VARGAS<\/td><td>Vigente<\/td><td><\/td><\/tr><tr><td>Organizaci\u00f3n comunitaria funcional<\/td><td>Grupo Juvenil Santa Susana<\/td><td><\/td><td>6\/4\/2013<\/td><td>353700<\/td><td>Santa Susana S\/N<\/td><td>GREGORIO IGNACIO ANDRES ARAYA FLORES,VALENTINA ESTEFANIA PARRAGUEZ MU\u00d1OZ,ROMANE AURORA ARAYA RIQUELME<\/td><td>Vigente<\/td><td><\/td><\/tr><\/tbody><\/table>\n            <\/div><div class=\"ea-advanced-data-table-pagination ea-advanced-data-table-pagination-button clearfix\"><\/div><\/div>\t\t\t\t<\/div>\n\t\t\t\t<\/div>\n\t\t\t\t\t<\/div>\n\t\t<\/div>\n\t\t\t\t\t<\/div>\n\t\t<\/section>\n\t\t\t\t<\/div>\n\t\t","protected":false},"excerpt":{"rendered":"<p>Inicio Municipalidad Nuestra Comuna Alcalde Concejales Cosoc Cuentas P\u00fablicas Ordenanzas Direcciones Administraci\u00f3n Municipal Asesor\u00eda Jur\u00eddica Secretaria Municipal Direcci\u00f3n de Control Administraci\u00f3n y Finanzas Direcci\u00f3n de Tr\u00e1nsito y Transporte P\u00fablico Direcci\u00f3n de Obras Municipales Direcci\u00f3n de Desarrollo Comunitario Direcci\u00f3n de Seguridad P\u00fablica Direcci\u00f3n de Servicios Operativos Secretar\u00eda Comunal de Planificaci\u00f3n Juzgado Polic\u00eda Local Direcci\u00f3n de Salud &hellip;<\/p>\n<p class=\"read-more\"> <a class=\"\" href=\"https:\/\/www.teno.cl\/portal2\/municipalidad-de-teno\/direccion-desarrollo-comunitario\/organizaciones-comunitarias\/registro-organizacion-juvenil\/\"> <span class=\"screen-reader-text\">Registro Organizaci\u00f3n Juvenil<\/span> Read More &raquo;<\/a><\/p>\n","protected":false},"author":1,"featured_media":0,"parent":10380,"menu_order":0,"comment_status":"closed","ping_status":"closed","template":"","meta":{"_uag_custom_page_level_css":"","site-sidebar-layout":"no-sidebar","site-content-layout":"page-builder","ast-global-header-display":"","ast-main-header-display":"","ast-hfb-above-header-display":null,"ast-hfb-below-header-display":null,"ast-hfb-mobile-header-display":null,"site-post-title":"disabled","ast-breadcrumbs-content":"disabled","ast-featured-img":"disabled","footer-sml-layout":"","theme-transparent-header-meta":"","adv-header-id-meta":null,"stick-header-meta":null,"header-above-stick-meta":null,"header-main-stick-meta":null,"header-below-stick-meta":null,"footnotes":""},"class_list":["post-10703","page","type-page","status-publish","hentry"],"uagb_featured_image_src":{"full":false,"thumbnail":false,"medium":false,"medium_large":false,"large":false,"1536x1536":false,"2048x2048":false},"uagb_author_info":{"display_name":"teno2022","author_link":"https:\/\/www.teno.cl\/portal2\/author\/teno2022\/"},"uagb_comment_info":0,"uagb_excerpt":"Inicio Municipalidad Nuestra Comuna Alcalde Concejales Cosoc Cuentas P\u00fablicas Ordenanzas Direcciones Administraci\u00f3n Municipal Asesor\u00eda Jur\u00eddica Secretaria Municipal Direcci\u00f3n de Control Administraci\u00f3n y Finanzas Direcci\u00f3n de Tr\u00e1nsito y Transporte P\u00fablico Direcci\u00f3n de Obras Municipales Direcci\u00f3n de Desarrollo Comunitario Direcci\u00f3n de Seguridad P\u00fablica Direcci\u00f3n de Servicios Operativos Secretar\u00eda Comunal de Planificaci\u00f3n Juzgado Polic\u00eda Local Direcci\u00f3n de Salud&hellip;","_links":{"self":[{"href":"https:\/\/www.teno.cl\/portal2\/wp-json\/wp\/v2\/pages\/10703","targetHints":{"allow":["GET"]}}],"collection":[{"href":"https:\/\/www.teno.cl\/portal2\/wp-json\/wp\/v2\/pages"}],"about":[{"href":"https:\/\/www.teno.cl\/portal2\/wp-json\/wp\/v2\/types\/page"}],"author":[{"embeddable":true,"href":"https:\/\/www.teno.cl\/portal2\/wp-json\/wp\/v2\/users\/1"}],"replies":[{"embeddable":true,"href":"https:\/\/www.teno.cl\/portal2\/wp-json\/wp\/v2\/comments?post=10703"}],"version-history":[{"count":4,"href":"https:\/\/www.teno.cl\/portal2\/wp-json\/wp\/v2\/pages\/10703\/revisions"}],"predecessor-version":[{"id":10707,"href":"https:\/\/www.teno.cl\/portal2\/wp-json\/wp\/v2\/pages\/10703\/revisions\/10707"}],"up":[{"embeddable":true,"href":"https:\/\/www.teno.cl\/portal2\/wp-json\/wp\/v2\/pages\/10380"}],"wp:attachment":[{"href":"https:\/\/www.teno.cl\/portal2\/wp-json\/wp\/v2\/media?parent=10703"}],"curies":[{"name":"wp","href":"https:\/\/api.w.org\/{rel}","templated":true}]}}